{"id":18,"date":"2024-05-24T23:47:50","date_gmt":"2024-05-24T21:47:50","guid":{"rendered":"https:\/\/paulamichelle.payshop.com.co\/?page_id=18"},"modified":"2025-05-05T12:58:10","modified_gmt":"2025-05-05T10:58:10","slug":"inicio","status":"publish","type":"page","link":"https:\/\/paulamichelle.payshop.com.co\/","title":{"rendered":"Inicio"},"content":{"rendered":"<p>[et_pb_section fb_built=\u00bb1&#8243; admin_label=\u00bbHeader\u00bb _builder_version=\u00bb4.25.2&#8243; _module_preset=\u00bbdefault\u00bb use_background_color_gradient=\u00bbon\u00bb background_color_gradient_direction=\u00bb227deg\u00bb background_color_gradient_stops=\u00bbrgba(45,63,93,0) 0%|#2d3f5d 100%\u00bb background_color_gradient_overlays_image=\u00bbon\u00bb background_image=\u00bbhttps:\/\/paulamichelle.payshop.com.co\/wp-content\/uploads\/sites\/131\/2024\/07\/banner-incial.png\u00bb background_position=\u00bbbottom_center\u00bb custom_padding=\u00bb0px||0px||true|false\u00bb da_disable_devices=\u00bboff|off|off\u00bb collapsed=\u00bbon\u00bb global_colors_info=\u00bb{}\u00bb da_is_popup=\u00bboff\u00bb da_exit_intent=\u00bboff\u00bb da_has_close=\u00bbon\u00bb da_alt_close=\u00bboff\u00bb da_dark_close=\u00bboff\u00bb da_not_modal=\u00bbon\u00bb da_is_singular=\u00bboff\u00bb da_with_loader=\u00bboff\u00bb da_has_shadow=\u00bbon\u00bb][\/et_pb_section][et_pb_section fb_built=\u00bb1&#8243; fullwidth=\u00bbon\u00bb _builder_version=\u00bb4.27.4&#8243; _module_preset=\u00bbdefault\u00bb background_color=\u00bbRGBA(255,255,255,0)\u00bb width=\u00bb80%\u00bb width_tablet=\u00bb80%\u00bb width_phone=\u00bb100%\u00bb width_last_edited=\u00bbon|phone\u00bb module_alignment=\u00bbcenter\u00bb custom_margin=\u00bb30px||||false|false\u00bb da_disable_devices=\u00bboff|off|off\u00bb global_colors_info=\u00bb{}\u00bb da_is_popup=\u00bboff\u00bb da_exit_intent=\u00bboff\u00bb da_has_close=\u00bbon\u00bb da_alt_close=\u00bboff\u00bb da_dark_close=\u00bboff\u00bb da_not_modal=\u00bbon\u00bb da_is_singular=\u00bboff\u00bb da_with_loader=\u00bboff\u00bb da_has_shadow=\u00bbon\u00bb][et_pb_fullwidth_slider use_bg_overlay=\u00bboff\u00bb use_text_overlay=\u00bboff\u00bb _builder_version=\u00bb4.27.4&#8243; _module_preset=\u00bbdefault\u00bb body_font_size=\u00bb20px\u00bb background_color=\u00bbRGBA(255,255,255,0)\u00bb background_enable_image=\u00bboff\u00bb text_orientation=\u00bbleft\u00bb hover_enabled=\u00bb0&#8243; global_colors_info=\u00bb{}\u00bb sticky_enabled=\u00bb0&#8243;][et_pb_slide heading=\u00bbDise\u00f1os \u00fanicos para acompa\u00f1arte en tu d\u00eda a d\u00eda.\u00bb button_text=\u00bbCOMPRAR AHORA\u00bb button_link=\u00bb@ET-DC@eyJkeW5hbWljIjp0cnVlLCJjb250ZW50IjoicG9zdF9saW5rX3VybF9wYWdlIiwic2V0dGluZ3MiOnsicG9zdF9pZCI6IjcifX0=@\u00bb _builder_version=\u00bb4.27.4&#8243; _dynamic_attributes=\u00bbbutton_link\u00bb _module_preset=\u00bbdefault\u00bb header_font=\u00bbPrata||||||||\u00bb header_font_size=\u00bb54px\u00bb body_font=\u00bbPrata||||||||\u00bb body_text_align=\u00bbleft\u00bb body_font_size=\u00bb20px\u00bb background_color=\u00bbRGBA(255,255,255,0)\u00bb background_enable_color=\u00bbon\u00bb background_image=\u00bbhttps:\/\/paulamichelle.payshop.com.co\/wp-content\/uploads\/sites\/131\/2025\/05\/jewelry-artist-4.png\u00bb background_enable_image=\u00bbon\u00bb custom_button=\u00bbon\u00bb button_text_size=\u00bb16px\u00bb button_text_color=\u00bb#000000&#8243; button_bg_color=\u00bb#FFFFFF\u00bb button_border_width=\u00bb0px\u00bb button_letter_spacing=\u00bb3px\u00bb button_use_icon=\u00bbon\u00bb button_custom_padding=\u00bb10px||10px||true|false\u00bb global_colors_info=\u00bb{}\u00bb sticky_transition=\u00bbon\u00bb][\/et_pb_slide][et_pb_slide heading=\u00bbDise\u00f1os \u00fanicos para acompa\u00f1arte en tu d\u00eda a d\u00eda.\u00bb button_text=\u00bbCOMPRAR AHORA\u00bb button_link=\u00bb@ET-DC@eyJkeW5hbWljIjp0cnVlLCJjb250ZW50IjoicG9zdF9saW5rX3VybF9wYWdlIiwic2V0dGluZ3MiOnsicG9zdF9pZCI6IjcifX0=@\u00bb _builder_version=\u00bb4.27.4&#8243; _dynamic_attributes=\u00bbbutton_link\u00bb _module_preset=\u00bbdefault\u00bb header_font=\u00bbPrata||||||||\u00bb header_font_size=\u00bb54px\u00bb body_font=\u00bbPrata||||||||\u00bb body_text_align=\u00bbleft\u00bb body_font_size=\u00bb20px\u00bb background_color=\u00bbRGBA(255,255,255,0)\u00bb background_enable_color=\u00bbon\u00bb background_image=\u00bbhttps:\/\/paulamichelle.payshop.com.co\/wp-content\/uploads\/sites\/131\/2025\/05\/jewelry-artist-4.png\u00bb background_enable_image=\u00bbon\u00bb custom_button=\u00bbon\u00bb button_text_size=\u00bb16px\u00bb button_text_color=\u00bb#000000&#8243; button_bg_color=\u00bb#FFFFFF\u00bb button_border_width=\u00bb0px\u00bb button_letter_spacing=\u00bb3px\u00bb button_use_icon=\u00bbon\u00bb button_custom_padding=\u00bb10px||10px||true|false\u00bb global_colors_info=\u00bb{}\u00bb sticky_transition=\u00bbon\u00bb][\/et_pb_slide][\/et_pb_fullwidth_slider][\/et_pb_section][et_pb_section fb_built=\u00bb1&#8243; admin_label=\u00bbAbout\u00bb _builder_version=\u00bb4.27.3&#8243; _module_preset=\u00bbdefault\u00bb background_color=\u00bb#FFFFFF\u00bb min_height=\u00bb915.5px\u00bb custom_margin=\u00bb||-170px|||\u00bb da_disable_devices=\u00bboff|off|off\u00bb collapsed=\u00bbon\u00bb global_colors_info=\u00bb{}\u00bb da_is_popup=\u00bboff\u00bb da_exit_intent=\u00bboff\u00bb da_has_close=\u00bbon\u00bb da_alt_close=\u00bboff\u00bb da_dark_close=\u00bboff\u00bb da_not_modal=\u00bbon\u00bb da_is_singular=\u00bboff\u00bb da_with_loader=\u00bboff\u00bb da_has_shadow=\u00bbon\u00bb][et_pb_row _builder_version=\u00bb4.20.0&#8243; _module_preset=\u00bbdefault\u00bb max_width=\u00bb800px\u00bb global_colors_info=\u00bb{}\u00bb][et_pb_column type=\u00bb4_4&#8243; _builder_version=\u00bb4.20.0&#8243; _module_preset=\u00bbdefault\u00bb global_colors_info=\u00bb{}\u00bb][et_pb_text _builder_version=\u00bb4.27.3&#8243; _module_preset=\u00bb9f0c8231-f2d8-46c6-83e9-d795749208d4&#8243; text_orientation=\u00bbcenter\u00bb global_colors_info=\u00bb{}\u00bb]<\/p>\n<h2><span>Sobre mi<\/span><\/h2>\n<p>[\/et_pb_text][et_pb_text _builder_version=\u00bb4.27.3&#8243; _module_preset=\u00bb25c1af8b-3a0c-4199-875c-75d1de46ecb6&#8243; background_color=\u00bbRGBA(255,255,255,0)\u00bb text_orientation=\u00bbcenter\u00bb global_colors_info=\u00bb{}\u00bb]<\/p>\n<div class=\"page\" title=\"Page 2\">\n<div class=\"layoutArea\">\n<div class=\"column\">\n<p data-start=\"66\" data-end=\"351\">\u00a1Hola! Soy Paula Michelle Jim\u00e9nez, ilustradora apasionada nacida en Bogot\u00e1, Colombia. Con 23 a\u00f1os y una formaci\u00f3n en Artes Visuales en la Universidad Javeriana, he desarrollado un estilo \u00fanico que refleja mi amor por la naturaleza, los colores vibrantes y la expresi\u00f3n art\u00edstica.<\/p>\n<p data-start=\"353\" data-end=\"697\">A trav\u00e9s de mi emprendimiento, creo productos personalizados con mis dise\u00f1os, como cartucheras, bolsas de tela, agendas y m\u00e1s, cada uno con ilustraciones originales que transmiten energ\u00eda y vida. Mi trabajo busca capturar la belleza de los peque\u00f1os detalles, combinando arte y funcionalidad en piezas que inspiran y acompa\u00f1an el d\u00eda a d\u00eda de quienes las usan.<\/p>\n<p data-start=\"699\" data-end=\"777\" data-is-last-node=\"\" data-is-only-node=\"\">\n<p><span>.<\/span><\/p>\n<\/div>\n<\/div>\n<\/div>\n<p>[\/et_pb_text][\/et_pb_column][\/et_pb_row][\/et_pb_section][et_pb_section fb_built=\u00bb1&#8243; admin_label=\u00bbProducts\u00bb _builder_version=\u00bb4.20.0&#8243; _module_preset=\u00bbdefault\u00bb min_height=\u00bb2609.7px\u00bb da_disable_devices=\u00bboff|off|off\u00bb collapsed=\u00bbon\u00bb global_colors_info=\u00bb{}\u00bb da_is_popup=\u00bboff\u00bb da_exit_intent=\u00bboff\u00bb da_has_close=\u00bbon\u00bb da_alt_close=\u00bboff\u00bb da_dark_close=\u00bboff\u00bb da_not_modal=\u00bbon\u00bb da_is_singular=\u00bboff\u00bb da_with_loader=\u00bboff\u00bb da_has_shadow=\u00bbon\u00bb][et_pb_row _builder_version=\u00bb4.27.4&#8243; _module_preset=\u00bbdefault\u00bb width=\u00bb68.5%\u00bb width_tablet=\u00bb91.3%\u00bb width_phone=\u00bb91.3%\u00bb width_last_edited=\u00bbon|phone\u00bb max_width=\u00bb1935px\u00bb module_alignment=\u00bbcenter\u00bb min_height=\u00bb2332.7px\u00bb custom_margin=\u00bb-336px|auto||70px||\u00bb global_colors_info=\u00bb{}\u00bb][et_pb_column type=\u00bb4_4&#8243; _builder_version=\u00bb4.20.0&#8243; _module_preset=\u00bbdefault\u00bb global_colors_info=\u00bb{}\u00bb][et_pb_text _builder_version=\u00bb4.25.2&#8243; _module_preset=\u00bb9f0c8231-f2d8-46c6-83e9-d795749208d4&#8243; text_orientation=\u00bbcenter\u00bb global_colors_info=\u00bb{}\u00bb]<\/p>\n<h2>Mis productos<\/h2>\n<p>[\/et_pb_text][et_pb_shop type=\u00bbproduct_category\u00bb posts_number=\u00bb200&#8243; include_categories=\u00bball\u00bb columns_number=\u00bb4&#8243; _builder_version=\u00bb4.27.4&#8243; _module_preset=\u00bbb66a279f-a218-4ad1-a8bc-9627a0afbd73&#8243; title_font=\u00bbAllerta Stencil|700|||||||\u00bb title_text_color=\u00bb#00457A\u00bb price_font=\u00bbAdamina||||||||\u00bb width=\u00bb100%\u00bb custom_margin=\u00bb0px||||false|false\u00bb custom_padding=\u00bb||||false|false\u00bb animation_style=\u00bbslide\u00bb border_radii_image=\u00bbon|15px|15px|15px|15px\u00bb border_style_top_image=\u00bbdouble\u00bb box_shadow_style_image=\u00bbpreset6&#8243; locked=\u00bboff\u00bb global_colors_info=\u00bb{%22gcid-07b38b3b-5331-4694-abb8-4525d4da000e%22:%91%22icon_hover_color%22,%22sale_badge_color%22%93}\u00bb][\/et_pb_shop][et_pb_button button_url=\u00bb@ET-DC@eyJkeW5hbWljIjp0cnVlLCJjb250ZW50IjoicG9zdF9saW5rX3VybF9wYWdlIiwic2V0dGluZ3MiOnsicG9zdF9pZCI6IjciLCJlbmFibGVfaHRtbCI6Im9mZiJ9fQ==@\u00bb button_text=\u00bbVER TODA LA TIENDA\u00bb button_alignment=\u00bbcenter\u00bb _builder_version=\u00bb4.25.2&#8243; _dynamic_attributes=\u00bbbutton_url\u00bb _module_preset=\u00bb7871262c-6e57-42fb-b2a1-71bb9cdb85d4&#8243; global_colors_info=\u00bb{}\u00bb][\/et_pb_button][\/et_pb_column][\/et_pb_row][\/et_pb_section][et_pb_section fb_built=\u00bb1&#8243; disabled_on=\u00bboff|off|off\u00bb admin_label=\u00bbFeatured Products\u00bb _builder_version=\u00bb4.25.2&#8243; _module_preset=\u00bbdefault\u00bb da_disable_devices=\u00bboff|off|off\u00bb saved_tabs=\u00bball\u00bb collapsed=\u00bbon\u00bb global_colors_info=\u00bb{}\u00bb da_is_popup=\u00bboff\u00bb da_exit_intent=\u00bboff\u00bb da_has_close=\u00bbon\u00bb da_alt_close=\u00bboff\u00bb da_dark_close=\u00bboff\u00bb da_not_modal=\u00bbon\u00bb da_is_singular=\u00bboff\u00bb da_with_loader=\u00bboff\u00bb da_has_shadow=\u00bbon\u00bb][\/et_pb_section]<\/p>\n","protected":false},"excerpt":{"rendered":"<p>Sobre mi \u00a1Hola! Soy Paula Michelle Jim\u00e9nez, ilustradora apasionada nacida en Bogot\u00e1, Colombia. Con 23 a\u00f1os y una formaci\u00f3n en Artes Visuales en la Universidad Javeriana, he desarrollado un estilo \u00fanico que refleja mi amor por la naturaleza, los colores vibrantes y la expresi\u00f3n art\u00edstica. A trav\u00e9s de mi emprendimiento, creo productos personalizados con mis [&hellip;]<\/p>\n","protected":false},"author":158,"featured_media":0,"parent":0,"menu_order":3,"comment_status":"closed","ping_status":"closed","template":"","meta":{"_et_pb_use_builder":"on","_et_pb_old_content":"<!-- wp:divi\/placeholder \/-->","_et_gb_content_width":"","content-type":"","_monsterinsights_skip_tracking":false,"_monsterinsights_sitenote_active":false,"_monsterinsights_sitenote_note":"","_monsterinsights_sitenote_category":0,"_joinchat":[],"footnotes":""},"class_list":["post-18","page","type-page","status-publish","hentry"],"yoast_head":"<!-- This site is optimized with the Yoast SEO plugin v27.0 - https:\/\/yoast.com\/product\/yoast-seo-wordpress\/ -->\n<title>Inicio - Paula Michelle Ilustra<\/title>\n<meta name=\"robots\" content=\"index, follow, max-snippet:-1, max-image-preview:large, max-video-preview:-1\" \/>\n<link rel=\"canonical\" href=\"https:\/\/paulamichelle.payshop.com.co\/\" \/>\n<meta property=\"og:locale\" content=\"es_ES\" \/>\n<meta property=\"og:type\" content=\"article\" \/>\n<meta property=\"og:title\" content=\"Inicio - Paula Michelle Ilustra\" \/>\n<meta property=\"og:description\" content=\"Sobre mi \u00a1Hola! Soy Paula Michelle Jim\u00e9nez, ilustradora apasionada nacida en Bogot\u00e1, Colombia. Con 23 a\u00f1os y una formaci\u00f3n en Artes Visuales en la Universidad Javeriana, he desarrollado un estilo \u00fanico que refleja mi amor por la naturaleza, los colores vibrantes y la expresi\u00f3n art\u00edstica. A trav\u00e9s de mi emprendimiento, creo productos personalizados con mis [&hellip;]\" \/>\n<meta property=\"og:url\" content=\"https:\/\/paulamichelle.payshop.com.co\/\" \/>\n<meta property=\"og:site_name\" content=\"Paula Michelle Ilustra\" \/>\n<meta property=\"article:modified_time\" content=\"2025-05-05T10:58:10+00:00\" \/>\n<meta name=\"twitter:card\" content=\"summary_large_image\" \/>\n<meta name=\"twitter:label1\" content=\"Tiempo de lectura\" \/>\n\t<meta name=\"twitter:data1\" content=\"6 minutos\" \/>\n<script type=\"application\/ld+json\" class=\"yoast-schema-graph\">{\"@context\":\"https:\/\/schema.org\",\"@graph\":[{\"@type\":\"WebPage\",\"@id\":\"https:\/\/paulamichelle.payshop.com.co\/\",\"url\":\"https:\/\/paulamichelle.payshop.com.co\/\",\"name\":\"Inicio - Paula Michelle Ilustra\",\"isPartOf\":{\"@id\":\"https:\/\/paulamichelle.payshop.com.co\/#website\"},\"datePublished\":\"2024-05-24T21:47:50+00:00\",\"dateModified\":\"2025-05-05T10:58:10+00:00\",\"breadcrumb\":{\"@id\":\"https:\/\/paulamichelle.payshop.com.co\/#breadcrumb\"},\"inLanguage\":\"es\",\"potentialAction\":[{\"@type\":\"ReadAction\",\"target\":[\"https:\/\/paulamichelle.payshop.com.co\/\"]}]},{\"@type\":\"BreadcrumbList\",\"@id\":\"https:\/\/paulamichelle.payshop.com.co\/#breadcrumb\",\"itemListElement\":[{\"@type\":\"ListItem\",\"position\":1,\"name\":\"Portada\",\"item\":\"https:\/\/paulamichelle.payshop.com.co\/\"},{\"@type\":\"ListItem\",\"position\":2,\"name\":\"Inicio\"}]},{\"@type\":\"WebSite\",\"@id\":\"https:\/\/paulamichelle.payshop.com.co\/#website\",\"url\":\"https:\/\/paulamichelle.payshop.com.co\/\",\"name\":\"Paula Michelle Ilustra\",\"description\":\"Productos artesanales con ilustraciones \u00fanicas.\",\"potentialAction\":[{\"@type\":\"SearchAction\",\"target\":{\"@type\":\"EntryPoint\",\"urlTemplate\":\"https:\/\/paulamichelle.payshop.com.co\/?s={search_term_string}\"},\"query-input\":{\"@type\":\"PropertyValueSpecification\",\"valueRequired\":true,\"valueName\":\"search_term_string\"}}],\"inLanguage\":\"es\"}]}<\/script>\n<!-- \/ Yoast SEO plugin. -->","yoast_head_json":{"title":"Inicio - Paula Michelle Ilustra","robots":{"index":"index","follow":"follow","max-snippet":"max-snippet:-1","max-image-preview":"max-image-preview:large","max-video-preview":"max-video-preview:-1"},"canonical":"https:\/\/paulamichelle.payshop.com.co\/","og_locale":"es_ES","og_type":"article","og_title":"Inicio - Paula Michelle Ilustra","og_description":"Sobre mi \u00a1Hola! Soy Paula Michelle Jim\u00e9nez, ilustradora apasionada nacida en Bogot\u00e1, Colombia. Con 23 a\u00f1os y una formaci\u00f3n en Artes Visuales en la Universidad Javeriana, he desarrollado un estilo \u00fanico que refleja mi amor por la naturaleza, los colores vibrantes y la expresi\u00f3n art\u00edstica. A trav\u00e9s de mi emprendimiento, creo productos personalizados con mis [&hellip;]","og_url":"https:\/\/paulamichelle.payshop.com.co\/","og_site_name":"Paula Michelle Ilustra","article_modified_time":"2025-05-05T10:58:10+00:00","twitter_card":"summary_large_image","twitter_misc":{"Tiempo de lectura":"6 minutos"},"schema":{"@context":"https:\/\/schema.org","@graph":[{"@type":"WebPage","@id":"https:\/\/paulamichelle.payshop.com.co\/","url":"https:\/\/paulamichelle.payshop.com.co\/","name":"Inicio - Paula Michelle Ilustra","isPartOf":{"@id":"https:\/\/paulamichelle.payshop.com.co\/#website"},"datePublished":"2024-05-24T21:47:50+00:00","dateModified":"2025-05-05T10:58:10+00:00","breadcrumb":{"@id":"https:\/\/paulamichelle.payshop.com.co\/#breadcrumb"},"inLanguage":"es","potentialAction":[{"@type":"ReadAction","target":["https:\/\/paulamichelle.payshop.com.co\/"]}]},{"@type":"BreadcrumbList","@id":"https:\/\/paulamichelle.payshop.com.co\/#breadcrumb","itemListElement":[{"@type":"ListItem","position":1,"name":"Portada","item":"https:\/\/paulamichelle.payshop.com.co\/"},{"@type":"ListItem","position":2,"name":"Inicio"}]},{"@type":"WebSite","@id":"https:\/\/paulamichelle.payshop.com.co\/#website","url":"https:\/\/paulamichelle.payshop.com.co\/","name":"Paula Michelle Ilustra","description":"Productos artesanales con ilustraciones \u00fanicas.","potentialAction":[{"@type":"SearchAction","target":{"@type":"EntryPoint","urlTemplate":"https:\/\/paulamichelle.payshop.com.co\/?s={search_term_string}"},"query-input":{"@type":"PropertyValueSpecification","valueRequired":true,"valueName":"search_term_string"}}],"inLanguage":"es"}]}},"_links":{"self":[{"href":"https:\/\/paulamichelle.payshop.com.co\/index.php?rest_route=\/wp\/v2\/pages\/18","targetHints":{"allow":["GET"]}}],"collection":[{"href":"https:\/\/paulamichelle.payshop.com.co\/index.php?rest_route=\/wp\/v2\/pages"}],"about":[{"href":"https:\/\/paulamichelle.payshop.com.co\/index.php?rest_route=\/wp\/v2\/types\/page"}],"author":[{"embeddable":true,"href":"https:\/\/paulamichelle.payshop.com.co\/index.php?rest_route=\/wp\/v2\/users\/158"}],"replies":[{"embeddable":true,"href":"https:\/\/paulamichelle.payshop.com.co\/index.php?rest_route=%2Fwp%2Fv2%2Fcomments&post=18"}],"version-history":[{"count":51,"href":"https:\/\/paulamichelle.payshop.com.co\/index.php?rest_route=\/wp\/v2\/pages\/18\/revisions"}],"predecessor-version":[{"id":690,"href":"https:\/\/paulamichelle.payshop.com.co\/index.php?rest_route=\/wp\/v2\/pages\/18\/revisions\/690"}],"wp:attachment":[{"href":"https:\/\/paulamichelle.payshop.com.co\/index.php?rest_route=%2Fwp%2Fv2%2Fmedia&parent=18"}],"curies":[{"name":"wp","href":"https:\/\/api.w.org\/{rel}","templated":true}]}}