{"id":295,"date":"2024-07-22T14:46:06","date_gmt":"2024-07-22T12:46:06","guid":{"rendered":"https:\/\/paulamichelle.payshop.com.co\/?post_type=product&#038;p=295"},"modified":"2025-02-21T21:33:57","modified_gmt":"2025-02-21T20:33:57","slug":"cuaderno-flores-lirios","status":"publish","type":"product","link":"https:\/\/paulamichelle.payshop.com.co\/?product=cuaderno-flores-lirios","title":{"rendered":"Cuaderno Lirios"},"content":{"rendered":"<p><\/p>\n","protected":false},"excerpt":{"rendered":"<p>Dale un toque de elegancia y color a tus apuntes con nuestro Cuaderno Lirios. Con una ilustraci\u00f3n floral que te encantar\u00e1 , este cuaderno es tanto pr\u00e1ctico como est\u00e9ticamente atractivo.<\/p>\n<p><strong>Caracter\u00edsticas:<\/strong><\/p>\n<ul>\n<li>Material: Pasta dura plastificada brillante que protege el cuaderno.<\/li>\n<li>Dimensiones: 23 cm de alto x 16,5 cm de ancho, tama\u00f1o ideal para llevar a todas partes.<\/li>\n<li>Encuadernaci\u00f3n: Argollado para facilitar el paso de las p\u00e1ginas.<\/li>\n<li>Hojas: Cuadriculadas, perfectas para tomar notas, hacer gr\u00e1ficos y m\u00e1s.<\/li>\n<\/ul>\n","protected":false},"featured_media":466,"comment_status":"open","ping_status":"closed","template":"","meta":{"_et_pb_use_builder":"","_et_pb_old_content":"","_et_gb_content_width":"","content-type":"","_monsterinsights_skip_tracking":false,"_monsterinsights_sitenote_active":false,"_monsterinsights_sitenote_note":"","_monsterinsights_sitenote_category":0,"_joinchat":[]},"product_brand":[],"product_cat":[57],"product_tag":[],"class_list":{"0":"post-295","1":"product","2":"type-product","3":"status-publish","4":"has-post-thumbnail","6":"product_cat-cuadernos","8":"first","9":"instock","10":"shipping-taxable","11":"purchasable","12":"product-type-simple"},"yoast_head":"<!-- This site is optimized with the Yoast SEO plugin v27.0 - https:\/\/yoast.com\/product\/yoast-seo-wordpress\/ -->\n<title>Cuaderno Lirios - Paula Michelle Ilustra<\/title>\n<meta name=\"robots\" content=\"index, follow, max-snippet:-1, max-image-preview:large, max-video-preview:-1\" \/>\n<link rel=\"canonical\" href=\"https:\/\/paulamichelle.payshop.com.co\/?product=cuaderno-flores-lirios\" \/>\n<meta property=\"og:locale\" content=\"es_ES\" \/>\n<meta property=\"og:type\" content=\"article\" \/>\n<meta property=\"og:title\" content=\"Cuaderno Lirios - Paula Michelle Ilustra\" \/>\n<meta property=\"og:description\" content=\"Dale un toque de elegancia y color a tus apuntes con nuestro Cuaderno Lirios. Con una ilustraci\u00f3n floral que te encantar\u00e1 , este cuaderno es tanto pr\u00e1ctico como est\u00e9ticamente atractivo.Caracter\u00edsticas:Material: Pasta dura plastificada brillante que protege el cuaderno.Dimensiones: 23 cm de alto x 16,5 cm de ancho, tama\u00f1o ideal para llevar a todas partes.Encuadernaci\u00f3n: Argollado para facilitar el paso de las p\u00e1ginas.Hojas: Cuadriculadas, perfectas para tomar notas, hacer gr\u00e1ficos y m\u00e1s.\" \/>\n<meta property=\"og:url\" content=\"https:\/\/paulamichelle.payshop.com.co\/?product=cuaderno-flores-lirios\" \/>\n<meta property=\"og:site_name\" content=\"Paula Michelle Ilustra\" \/>\n<meta property=\"article:modified_time\" content=\"2025-02-21T20:33:57+00:00\" \/>\n<meta property=\"og:image\" content=\"https:\/\/paulamichelle.payshop.com.co\/wp-content\/uploads\/sites\/131\/2024\/08\/cuaderno-lirios-adelante.jpg\" \/>\n\t<meta property=\"og:image:width\" content=\"995\" \/>\n\t<meta property=\"og:image:height\" content=\"1080\" \/>\n\t<meta property=\"og:image:type\" content=\"image\/jpeg\" \/>\n<meta name=\"twitter:card\" content=\"summary_large_image\" \/>\n<script type=\"application\/ld+json\" class=\"yoast-schema-graph\">{\"@context\":\"https:\/\/schema.org\",\"@graph\":[{\"@type\":\"WebPage\",\"@id\":\"https:\/\/paulamichelle.payshop.com.co\/?product=cuaderno-flores-lirios\",\"url\":\"https:\/\/paulamichelle.payshop.com.co\/?product=cuaderno-flores-lirios\",\"name\":\"Cuaderno Lirios - Paula Michelle Ilustra\",\"isPartOf\":{\"@id\":\"https:\/\/paulamichelle.payshop.com.co\/#website\"},\"primaryImageOfPage\":{\"@id\":\"https:\/\/paulamichelle.payshop.com.co\/?product=cuaderno-flores-lirios#primaryimage\"},\"image\":{\"@id\":\"https:\/\/paulamichelle.payshop.com.co\/?product=cuaderno-flores-lirios#primaryimage\"},\"thumbnailUrl\":\"https:\/\/paulamichelle.payshop.com.co\/wp-content\/uploads\/sites\/131\/2024\/08\/cuaderno-lirios-adelante.jpg\",\"datePublished\":\"2024-07-22T12:46:06+00:00\",\"dateModified\":\"2025-02-21T20:33:57+00:00\",\"breadcrumb\":{\"@id\":\"https:\/\/paulamichelle.payshop.com.co\/?product=cuaderno-flores-lirios#breadcrumb\"},\"inLanguage\":\"es\",\"potentialAction\":[{\"@type\":\"ReadAction\",\"target\":[\"https:\/\/paulamichelle.payshop.com.co\/?product=cuaderno-flores-lirios\"]}]},{\"@type\":\"ImageObject\",\"inLanguage\":\"es\",\"@id\":\"https:\/\/paulamichelle.payshop.com.co\/?product=cuaderno-flores-lirios#primaryimage\",\"url\":\"https:\/\/paulamichelle.payshop.com.co\/wp-content\/uploads\/sites\/131\/2024\/08\/cuaderno-lirios-adelante.jpg\",\"contentUrl\":\"https:\/\/paulamichelle.payshop.com.co\/wp-content\/uploads\/sites\/131\/2024\/08\/cuaderno-lirios-adelante.jpg\",\"width\":995,\"height\":1080},{\"@type\":\"BreadcrumbList\",\"@id\":\"https:\/\/paulamichelle.payshop.com.co\/?product=cuaderno-flores-lirios#breadcrumb\",\"itemListElement\":[{\"@type\":\"ListItem\",\"position\":1,\"name\":\"Portada\",\"item\":\"https:\/\/paulamichelle.payshop.com.co\/\"},{\"@type\":\"ListItem\",\"position\":2,\"name\":\"Tienda\",\"item\":\"https:\/\/paulamichelle.payshop.com.co\/?page_id=7\"},{\"@type\":\"ListItem\",\"position\":3,\"name\":\"Cuaderno Lirios\"}]},{\"@type\":\"WebSite\",\"@id\":\"https:\/\/paulamichelle.payshop.com.co\/#website\",\"url\":\"https:\/\/paulamichelle.payshop.com.co\/\",\"name\":\"Paula Michelle Ilustra\",\"description\":\"Productos artesanales con ilustraciones \u00fanicas.\",\"potentialAction\":[{\"@type\":\"SearchAction\",\"target\":{\"@type\":\"EntryPoint\",\"urlTemplate\":\"https:\/\/paulamichelle.payshop.com.co\/?s={search_term_string}\"},\"query-input\":{\"@type\":\"PropertyValueSpecification\",\"valueRequired\":true,\"valueName\":\"search_term_string\"}}],\"inLanguage\":\"es\"}]}<\/script>\n<!-- \/ Yoast SEO plugin. -->","yoast_head_json":{"title":"Cuaderno Lirios - Paula Michelle Ilustra","robots":{"index":"index","follow":"follow","max-snippet":"max-snippet:-1","max-image-preview":"max-image-preview:large","max-video-preview":"max-video-preview:-1"},"canonical":"https:\/\/paulamichelle.payshop.com.co\/?product=cuaderno-flores-lirios","og_locale":"es_ES","og_type":"article","og_title":"Cuaderno Lirios - Paula Michelle Ilustra","og_description":"Dale un toque de elegancia y color a tus apuntes con nuestro Cuaderno Lirios. Con una ilustraci\u00f3n floral que te encantar\u00e1 , este cuaderno es tanto pr\u00e1ctico como est\u00e9ticamente atractivo.Caracter\u00edsticas:Material: Pasta dura plastificada brillante que protege el cuaderno.Dimensiones: 23 cm de alto x 16,5 cm de ancho, tama\u00f1o ideal para llevar a todas partes.Encuadernaci\u00f3n: Argollado para facilitar el paso de las p\u00e1ginas.Hojas: Cuadriculadas, perfectas para tomar notas, hacer gr\u00e1ficos y m\u00e1s.","og_url":"https:\/\/paulamichelle.payshop.com.co\/?product=cuaderno-flores-lirios","og_site_name":"Paula Michelle Ilustra","article_modified_time":"2025-02-21T20:33:57+00:00","og_image":[{"width":995,"height":1080,"url":"https:\/\/paulamichelle.payshop.com.co\/wp-content\/uploads\/sites\/131\/2024\/08\/cuaderno-lirios-adelante.jpg","type":"image\/jpeg"}],"twitter_card":"summary_large_image","schema":{"@context":"https:\/\/schema.org","@graph":[{"@type":"WebPage","@id":"https:\/\/paulamichelle.payshop.com.co\/?product=cuaderno-flores-lirios","url":"https:\/\/paulamichelle.payshop.com.co\/?product=cuaderno-flores-lirios","name":"Cuaderno Lirios - Paula Michelle Ilustra","isPartOf":{"@id":"https:\/\/paulamichelle.payshop.com.co\/#website"},"primaryImageOfPage":{"@id":"https:\/\/paulamichelle.payshop.com.co\/?product=cuaderno-flores-lirios#primaryimage"},"image":{"@id":"https:\/\/paulamichelle.payshop.com.co\/?product=cuaderno-flores-lirios#primaryimage"},"thumbnailUrl":"https:\/\/paulamichelle.payshop.com.co\/wp-content\/uploads\/sites\/131\/2024\/08\/cuaderno-lirios-adelante.jpg","datePublished":"2024-07-22T12:46:06+00:00","dateModified":"2025-02-21T20:33:57+00:00","breadcrumb":{"@id":"https:\/\/paulamichelle.payshop.com.co\/?product=cuaderno-flores-lirios#breadcrumb"},"inLanguage":"es","potentialAction":[{"@type":"ReadAction","target":["https:\/\/paulamichelle.payshop.com.co\/?product=cuaderno-flores-lirios"]}]},{"@type":"ImageObject","inLanguage":"es","@id":"https:\/\/paulamichelle.payshop.com.co\/?product=cuaderno-flores-lirios#primaryimage","url":"https:\/\/paulamichelle.payshop.com.co\/wp-content\/uploads\/sites\/131\/2024\/08\/cuaderno-lirios-adelante.jpg","contentUrl":"https:\/\/paulamichelle.payshop.com.co\/wp-content\/uploads\/sites\/131\/2024\/08\/cuaderno-lirios-adelante.jpg","width":995,"height":1080},{"@type":"BreadcrumbList","@id":"https:\/\/paulamichelle.payshop.com.co\/?product=cuaderno-flores-lirios#breadcrumb","itemListElement":[{"@type":"ListItem","position":1,"name":"Portada","item":"https:\/\/paulamichelle.payshop.com.co\/"},{"@type":"ListItem","position":2,"name":"Tienda","item":"https:\/\/paulamichelle.payshop.com.co\/?page_id=7"},{"@type":"ListItem","position":3,"name":"Cuaderno Lirios"}]},{"@type":"WebSite","@id":"https:\/\/paulamichelle.payshop.com.co\/#website","url":"https:\/\/paulamichelle.payshop.com.co\/","name":"Paula Michelle Ilustra","description":"Productos artesanales con ilustraciones \u00fanicas.","potentialAction":[{"@type":"SearchAction","target":{"@type":"EntryPoint","urlTemplate":"https:\/\/paulamichelle.payshop.com.co\/?s={search_term_string}"},"query-input":{"@type":"PropertyValueSpecification","valueRequired":true,"valueName":"search_term_string"}}],"inLanguage":"es"}]}},"_links":{"self":[{"href":"https:\/\/paulamichelle.payshop.com.co\/index.php?rest_route=\/wp\/v2\/product\/295","targetHints":{"allow":["GET"]}}],"collection":[{"href":"https:\/\/paulamichelle.payshop.com.co\/index.php?rest_route=\/wp\/v2\/product"}],"about":[{"href":"https:\/\/paulamichelle.payshop.com.co\/index.php?rest_route=\/wp\/v2\/types\/product"}],"replies":[{"embeddable":true,"href":"https:\/\/paulamichelle.payshop.com.co\/index.php?rest_route=%2Fwp%2Fv2%2Fcomments&post=295"}],"wp:featuredmedia":[{"embeddable":true,"href":"https:\/\/paulamichelle.payshop.com.co\/index.php?rest_route=\/wp\/v2\/media\/466"}],"wp:attachment":[{"href":"https:\/\/paulamichelle.payshop.com.co\/index.php?rest_route=%2Fwp%2Fv2%2Fmedia&parent=295"}],"wp:term":[{"taxonomy":"product_brand","embeddable":true,"href":"https:\/\/paulamichelle.payshop.com.co\/index.php?rest_route=%2Fwp%2Fv2%2Fproduct_brand&post=295"},{"taxonomy":"product_cat","embeddable":true,"href":"https:\/\/paulamichelle.payshop.com.co\/index.php?rest_route=%2Fwp%2Fv2%2Fproduct_cat&post=295"},{"taxonomy":"product_tag","embeddable":true,"href":"https:\/\/paulamichelle.payshop.com.co\/index.php?rest_route=%2Fwp%2Fv2%2Fproduct_tag&post=295"}],"curies":[{"name":"wp","href":"https:\/\/api.w.org\/{rel}","templated":true}]}}