{"id":301,"date":"2024-07-22T14:54:06","date_gmt":"2024-07-22T12:54:06","guid":{"rendered":"https:\/\/paulamichelle.payshop.com.co\/?post_type=product&#038;p=301"},"modified":"2024-08-25T23:21:17","modified_gmt":"2024-08-25T21:21:17","slug":"cuaderno-bajo-el-mar","status":"publish","type":"product","link":"https:\/\/paulamichelle.payshop.com.co\/?product=cuaderno-bajo-el-mar","title":{"rendered":"Cuaderno Bajo el Mar"},"content":{"rendered":"<p><\/p>\n","protected":false},"excerpt":{"rendered":"<p>Sum\u00e9rgete en un mundo de diversi\u00f3n y aventura con nuestro Cuaderno Bajo el Mar. Con una ilustraci\u00f3n que te transporta a las profundidades marinas, este cuaderno es ideal para capturar tus pensamientos.<\/p>\n<p><strong>Caracter\u00edsticas:<\/strong><\/p>\n<ul>\n<li>Material: Pasta dura plastificada brillante para una protecci\u00f3n duradera.<\/li>\n<li>Dimensiones: 23 cm de alto x 16 cm de ancho, tama\u00f1o perfecto para llevar a todas partes.<\/li>\n<li>Encuadernaci\u00f3n: Argollado, que facilita la apertura y el manejo de las p\u00e1ginas.<\/li>\n<li>Hojas: Rayadas, ideales para escribir notas, diarios y reflexiones.<\/li>\n<\/ul>\n","protected":false},"featured_media":451,"comment_status":"open","ping_status":"closed","template":"","meta":{"_et_pb_use_builder":"","_et_pb_old_content":"","_et_gb_content_width":"","content-type":"","_monsterinsights_skip_tracking":false,"_monsterinsights_sitenote_active":false,"_monsterinsights_sitenote_note":"","_monsterinsights_sitenote_category":0,"_joinchat":[]},"product_brand":[],"product_cat":[57],"product_tag":[],"class_list":{"0":"post-301","1":"product","2":"type-product","3":"status-publish","4":"has-post-thumbnail","6":"product_cat-cuadernos","8":"first","9":"instock","10":"shipping-taxable","11":"purchasable","12":"product-type-simple"},"yoast_head":"<!-- This site is optimized with the Yoast SEO plugin v27.0 - https:\/\/yoast.com\/product\/yoast-seo-wordpress\/ -->\n<title>Cuaderno Bajo el Mar - Paula Michelle Ilustra<\/title>\n<meta name=\"robots\" content=\"index, follow, max-snippet:-1, max-image-preview:large, max-video-preview:-1\" \/>\n<link rel=\"canonical\" href=\"http:\/\/paulamichelle.payshop.com.co\/?product=cuaderno-bajo-el-mar\" \/>\n<meta property=\"og:locale\" content=\"es_ES\" \/>\n<meta property=\"og:type\" content=\"article\" \/>\n<meta property=\"og:title\" content=\"Cuaderno Bajo el Mar - Paula Michelle Ilustra\" \/>\n<meta property=\"og:description\" content=\"Sum\u00e9rgete en un mundo de diversi\u00f3n y aventura con nuestro Cuaderno Bajo el Mar. Con una ilustraci\u00f3n que te transporta a las profundidades marinas, este cuaderno es ideal para capturar tus pensamientos.Caracter\u00edsticas:Material: Pasta dura plastificada brillante para una protecci\u00f3n duradera.Dimensiones: 23 cm de alto x 16 cm de ancho, tama\u00f1o perfecto para llevar a todas partes.Encuadernaci\u00f3n: Argollado, que facilita la apertura y el manejo de las p\u00e1ginas.Hojas: Rayadas, ideales para escribir notas, diarios y reflexiones.\" \/>\n<meta property=\"og:url\" content=\"http:\/\/paulamichelle.payshop.com.co\/?product=cuaderno-bajo-el-mar\" \/>\n<meta property=\"og:site_name\" content=\"Paula Michelle Ilustra\" \/>\n<meta property=\"article:modified_time\" content=\"2024-08-25T21:21:17+00:00\" \/>\n<meta property=\"og:image\" content=\"http:\/\/paulamichelle.payshop.com.co\/wp-content\/uploads\/sites\/131\/2024\/08\/pagian-web-fotos.-bajo-del-mar.jpg\" \/>\n\t<meta property=\"og:image:width\" content=\"995\" \/>\n\t<meta property=\"og:image:height\" content=\"1080\" \/>\n\t<meta property=\"og:image:type\" content=\"image\/jpeg\" \/>\n<meta name=\"twitter:card\" content=\"summary_large_image\" \/>\n<script type=\"application\/ld+json\" class=\"yoast-schema-graph\">{\"@context\":\"https:\/\/schema.org\",\"@graph\":[{\"@type\":\"WebPage\",\"@id\":\"http:\/\/paulamichelle.payshop.com.co\/?product=cuaderno-bajo-el-mar\",\"url\":\"http:\/\/paulamichelle.payshop.com.co\/?product=cuaderno-bajo-el-mar\",\"name\":\"Cuaderno Bajo el Mar - Paula Michelle Ilustra\",\"isPartOf\":{\"@id\":\"https:\/\/paulamichelle.payshop.com.co\/#website\"},\"primaryImageOfPage\":{\"@id\":\"http:\/\/paulamichelle.payshop.com.co\/?product=cuaderno-bajo-el-mar#primaryimage\"},\"image\":{\"@id\":\"http:\/\/paulamichelle.payshop.com.co\/?product=cuaderno-bajo-el-mar#primaryimage\"},\"thumbnailUrl\":\"https:\/\/paulamichelle.payshop.com.co\/wp-content\/uploads\/sites\/131\/2024\/08\/pagian-web-fotos.-bajo-del-mar.jpg\",\"datePublished\":\"2024-07-22T12:54:06+00:00\",\"dateModified\":\"2024-08-25T21:21:17+00:00\",\"breadcrumb\":{\"@id\":\"http:\/\/paulamichelle.payshop.com.co\/?product=cuaderno-bajo-el-mar#breadcrumb\"},\"inLanguage\":\"es\",\"potentialAction\":[{\"@type\":\"ReadAction\",\"target\":[\"http:\/\/paulamichelle.payshop.com.co\/?product=cuaderno-bajo-el-mar\"]}]},{\"@type\":\"ImageObject\",\"inLanguage\":\"es\",\"@id\":\"http:\/\/paulamichelle.payshop.com.co\/?product=cuaderno-bajo-el-mar#primaryimage\",\"url\":\"https:\/\/paulamichelle.payshop.com.co\/wp-content\/uploads\/sites\/131\/2024\/08\/pagian-web-fotos.-bajo-del-mar.jpg\",\"contentUrl\":\"https:\/\/paulamichelle.payshop.com.co\/wp-content\/uploads\/sites\/131\/2024\/08\/pagian-web-fotos.-bajo-del-mar.jpg\",\"width\":995,\"height\":1080},{\"@type\":\"BreadcrumbList\",\"@id\":\"http:\/\/paulamichelle.payshop.com.co\/?product=cuaderno-bajo-el-mar#breadcrumb\",\"itemListElement\":[{\"@type\":\"ListItem\",\"position\":1,\"name\":\"Portada\",\"item\":\"https:\/\/paulamichelle.payshop.com.co\/\"},{\"@type\":\"ListItem\",\"position\":2,\"name\":\"Tienda\",\"item\":\"https:\/\/paulamichelle.payshop.com.co\/?page_id=7\"},{\"@type\":\"ListItem\",\"position\":3,\"name\":\"Cuaderno Bajo el Mar\"}]},{\"@type\":\"WebSite\",\"@id\":\"https:\/\/paulamichelle.payshop.com.co\/#website\",\"url\":\"https:\/\/paulamichelle.payshop.com.co\/\",\"name\":\"Paula Michelle Ilustra\",\"description\":\"Productos artesanales con ilustraciones \u00fanicas.\",\"potentialAction\":[{\"@type\":\"SearchAction\",\"target\":{\"@type\":\"EntryPoint\",\"urlTemplate\":\"https:\/\/paulamichelle.payshop.com.co\/?s={search_term_string}\"},\"query-input\":{\"@type\":\"PropertyValueSpecification\",\"valueRequired\":true,\"valueName\":\"search_term_string\"}}],\"inLanguage\":\"es\"}]}<\/script>\n<!-- \/ Yoast SEO plugin. -->","yoast_head_json":{"title":"Cuaderno Bajo el Mar - Paula Michelle Ilustra","robots":{"index":"index","follow":"follow","max-snippet":"max-snippet:-1","max-image-preview":"max-image-preview:large","max-video-preview":"max-video-preview:-1"},"canonical":"http:\/\/paulamichelle.payshop.com.co\/?product=cuaderno-bajo-el-mar","og_locale":"es_ES","og_type":"article","og_title":"Cuaderno Bajo el Mar - Paula Michelle Ilustra","og_description":"Sum\u00e9rgete en un mundo de diversi\u00f3n y aventura con nuestro Cuaderno Bajo el Mar. Con una ilustraci\u00f3n que te transporta a las profundidades marinas, este cuaderno es ideal para capturar tus pensamientos.Caracter\u00edsticas:Material: Pasta dura plastificada brillante para una protecci\u00f3n duradera.Dimensiones: 23 cm de alto x 16 cm de ancho, tama\u00f1o perfecto para llevar a todas partes.Encuadernaci\u00f3n: Argollado, que facilita la apertura y el manejo de las p\u00e1ginas.Hojas: Rayadas, ideales para escribir notas, diarios y reflexiones.","og_url":"http:\/\/paulamichelle.payshop.com.co\/?product=cuaderno-bajo-el-mar","og_site_name":"Paula Michelle Ilustra","article_modified_time":"2024-08-25T21:21:17+00:00","og_image":[{"width":995,"height":1080,"url":"http:\/\/paulamichelle.payshop.com.co\/wp-content\/uploads\/sites\/131\/2024\/08\/pagian-web-fotos.-bajo-del-mar.jpg","type":"image\/jpeg"}],"twitter_card":"summary_large_image","schema":{"@context":"https:\/\/schema.org","@graph":[{"@type":"WebPage","@id":"http:\/\/paulamichelle.payshop.com.co\/?product=cuaderno-bajo-el-mar","url":"http:\/\/paulamichelle.payshop.com.co\/?product=cuaderno-bajo-el-mar","name":"Cuaderno Bajo el Mar - Paula Michelle Ilustra","isPartOf":{"@id":"https:\/\/paulamichelle.payshop.com.co\/#website"},"primaryImageOfPage":{"@id":"http:\/\/paulamichelle.payshop.com.co\/?product=cuaderno-bajo-el-mar#primaryimage"},"image":{"@id":"http:\/\/paulamichelle.payshop.com.co\/?product=cuaderno-bajo-el-mar#primaryimage"},"thumbnailUrl":"https:\/\/paulamichelle.payshop.com.co\/wp-content\/uploads\/sites\/131\/2024\/08\/pagian-web-fotos.-bajo-del-mar.jpg","datePublished":"2024-07-22T12:54:06+00:00","dateModified":"2024-08-25T21:21:17+00:00","breadcrumb":{"@id":"http:\/\/paulamichelle.payshop.com.co\/?product=cuaderno-bajo-el-mar#breadcrumb"},"inLanguage":"es","potentialAction":[{"@type":"ReadAction","target":["http:\/\/paulamichelle.payshop.com.co\/?product=cuaderno-bajo-el-mar"]}]},{"@type":"ImageObject","inLanguage":"es","@id":"http:\/\/paulamichelle.payshop.com.co\/?product=cuaderno-bajo-el-mar#primaryimage","url":"https:\/\/paulamichelle.payshop.com.co\/wp-content\/uploads\/sites\/131\/2024\/08\/pagian-web-fotos.-bajo-del-mar.jpg","contentUrl":"https:\/\/paulamichelle.payshop.com.co\/wp-content\/uploads\/sites\/131\/2024\/08\/pagian-web-fotos.-bajo-del-mar.jpg","width":995,"height":1080},{"@type":"BreadcrumbList","@id":"http:\/\/paulamichelle.payshop.com.co\/?product=cuaderno-bajo-el-mar#breadcrumb","itemListElement":[{"@type":"ListItem","position":1,"name":"Portada","item":"https:\/\/paulamichelle.payshop.com.co\/"},{"@type":"ListItem","position":2,"name":"Tienda","item":"https:\/\/paulamichelle.payshop.com.co\/?page_id=7"},{"@type":"ListItem","position":3,"name":"Cuaderno Bajo el Mar"}]},{"@type":"WebSite","@id":"https:\/\/paulamichelle.payshop.com.co\/#website","url":"https:\/\/paulamichelle.payshop.com.co\/","name":"Paula Michelle Ilustra","description":"Productos artesanales con ilustraciones \u00fanicas.","potentialAction":[{"@type":"SearchAction","target":{"@type":"EntryPoint","urlTemplate":"https:\/\/paulamichelle.payshop.com.co\/?s={search_term_string}"},"query-input":{"@type":"PropertyValueSpecification","valueRequired":true,"valueName":"search_term_string"}}],"inLanguage":"es"}]}},"_links":{"self":[{"href":"https:\/\/paulamichelle.payshop.com.co\/index.php?rest_route=\/wp\/v2\/product\/301","targetHints":{"allow":["GET"]}}],"collection":[{"href":"https:\/\/paulamichelle.payshop.com.co\/index.php?rest_route=\/wp\/v2\/product"}],"about":[{"href":"https:\/\/paulamichelle.payshop.com.co\/index.php?rest_route=\/wp\/v2\/types\/product"}],"replies":[{"embeddable":true,"href":"https:\/\/paulamichelle.payshop.com.co\/index.php?rest_route=%2Fwp%2Fv2%2Fcomments&post=301"}],"wp:featuredmedia":[{"embeddable":true,"href":"https:\/\/paulamichelle.payshop.com.co\/index.php?rest_route=\/wp\/v2\/media\/451"}],"wp:attachment":[{"href":"https:\/\/paulamichelle.payshop.com.co\/index.php?rest_route=%2Fwp%2Fv2%2Fmedia&parent=301"}],"wp:term":[{"taxonomy":"product_brand","embeddable":true,"href":"https:\/\/paulamichelle.payshop.com.co\/index.php?rest_route=%2Fwp%2Fv2%2Fproduct_brand&post=301"},{"taxonomy":"product_cat","embeddable":true,"href":"https:\/\/paulamichelle.payshop.com.co\/index.php?rest_route=%2Fwp%2Fv2%2Fproduct_cat&post=301"},{"taxonomy":"product_tag","embeddable":true,"href":"https:\/\/paulamichelle.payshop.com.co\/index.php?rest_route=%2Fwp%2Fv2%2Fproduct_tag&post=301"}],"curies":[{"name":"wp","href":"https:\/\/api.w.org\/{rel}","templated":true}]}}