{"id":308,"date":"2024-07-22T15:02:21","date_gmt":"2024-07-22T13:02:21","guid":{"rendered":"https:\/\/paulamichelle.payshop.com.co\/?post_type=product&#038;p=308"},"modified":"2024-08-30T23:06:05","modified_gmt":"2024-08-30T21:06:05","slug":"tula-bosque-encantado","status":"publish","type":"product","link":"https:\/\/paulamichelle.payshop.com.co\/?product=tula-bosque-encantado","title":{"rendered":"Tula Bosque Encantado"},"content":{"rendered":"<p><br data-mce-bogus=\"1\"><\/p>\n","protected":false},"excerpt":{"rendered":"<p>Explora la magia del bosque con nuestra Tula Bosque Encantado. Perfecta para uso diario, excursiones al aire libre o actividades familiares. Su ilustraci\u00f3n evoca la aventura y la imaginaci\u00f3n en un entorno natural.<\/p>\n<p><strong>Caracter\u00edsticas:<\/strong><\/p>\n<ul>\n<li>Material: Lienzo duradero que garantiza resistencia y confort.<\/li>\n<li>Cuerdas para cargar: Permite llevar la tula de manera pr\u00e1ctica y c\u00f3moda.<\/li>\n<li>Cierre seguro: Asegura tus pertenencias mientras te mueves.<\/li>\n<li>Estampado: DTF con una ilustraci\u00f3n vibrante de un bosque, ni\u00f1os y colores c\u00e1lidos que a\u00f1aden un toque de alegr\u00eda y naturaleza.<\/li>\n<li>Ideal para: Llevar varios art\u00edculos, desde libros, ropa, ofreciendo comodidad en el uso diario.<\/li>\n<\/ul>\n","protected":false},"featured_media":481,"comment_status":"open","ping_status":"closed","template":"","meta":{"_et_pb_use_builder":"","_et_pb_old_content":"","_et_gb_content_width":"","content-type":"","_monsterinsights_skip_tracking":false,"_monsterinsights_sitenote_active":false,"_monsterinsights_sitenote_note":"","_monsterinsights_sitenote_category":0,"_joinchat":[]},"product_brand":[],"product_cat":[59],"product_tag":[],"class_list":{"0":"post-308","1":"product","2":"type-product","3":"status-publish","4":"has-post-thumbnail","6":"product_cat-tulas","8":"first","9":"instock","10":"shipping-taxable","11":"purchasable","12":"product-type-simple"},"yoast_head":"<!-- This site is optimized with the Yoast SEO plugin v27.0 - https:\/\/yoast.com\/product\/yoast-seo-wordpress\/ -->\n<title>Tula Bosque Encantado - Paula Michelle Ilustra<\/title>\n<meta name=\"robots\" content=\"index, follow, max-snippet:-1, max-image-preview:large, max-video-preview:-1\" \/>\n<link rel=\"canonical\" href=\"http:\/\/paulamichelle.payshop.com.co\/?product=tula-bosque-encantado\" \/>\n<meta property=\"og:locale\" content=\"es_ES\" \/>\n<meta property=\"og:type\" content=\"article\" \/>\n<meta property=\"og:title\" content=\"Tula Bosque Encantado - Paula Michelle Ilustra\" \/>\n<meta property=\"og:description\" content=\"Explora la magia del bosque con nuestra Tula Bosque Encantado. Perfecta para uso diario, excursiones al aire libre o actividades familiares. Su ilustraci\u00f3n evoca la aventura y la imaginaci\u00f3n en un entorno natural.Caracter\u00edsticas:Material: Lienzo duradero que garantiza resistencia y confort.Cuerdas para cargar: Permite llevar la tula de manera pr\u00e1ctica y c\u00f3moda.Cierre seguro: Asegura tus pertenencias mientras te mueves.Estampado: DTF con una ilustraci\u00f3n vibrante de un bosque, ni\u00f1os y colores c\u00e1lidos que a\u00f1aden un toque de alegr\u00eda y naturaleza.Ideal para: Llevar varios art\u00edculos, desde libros, ropa, ofreciendo comodidad en el uso diario.\" \/>\n<meta property=\"og:url\" content=\"http:\/\/paulamichelle.payshop.com.co\/?product=tula-bosque-encantado\" \/>\n<meta property=\"og:site_name\" content=\"Paula Michelle Ilustra\" \/>\n<meta property=\"article:modified_time\" content=\"2024-08-30T21:06:05+00:00\" \/>\n<meta property=\"og:image\" content=\"http:\/\/paulamichelle.payshop.com.co\/wp-content\/uploads\/sites\/131\/2024\/08\/TULA.jpg\" \/>\n\t<meta property=\"og:image:width\" content=\"995\" \/>\n\t<meta property=\"og:image:height\" content=\"1080\" \/>\n\t<meta property=\"og:image:type\" content=\"image\/jpeg\" \/>\n<meta name=\"twitter:card\" content=\"summary_large_image\" \/>\n<script type=\"application\/ld+json\" class=\"yoast-schema-graph\">{\"@context\":\"https:\/\/schema.org\",\"@graph\":[{\"@type\":\"WebPage\",\"@id\":\"http:\/\/paulamichelle.payshop.com.co\/?product=tula-bosque-encantado\",\"url\":\"http:\/\/paulamichelle.payshop.com.co\/?product=tula-bosque-encantado\",\"name\":\"Tula Bosque Encantado - Paula Michelle Ilustra\",\"isPartOf\":{\"@id\":\"https:\/\/paulamichelle.payshop.com.co\/#website\"},\"primaryImageOfPage\":{\"@id\":\"http:\/\/paulamichelle.payshop.com.co\/?product=tula-bosque-encantado#primaryimage\"},\"image\":{\"@id\":\"http:\/\/paulamichelle.payshop.com.co\/?product=tula-bosque-encantado#primaryimage\"},\"thumbnailUrl\":\"https:\/\/paulamichelle.payshop.com.co\/wp-content\/uploads\/sites\/131\/2024\/08\/TULA.jpg\",\"datePublished\":\"2024-07-22T13:02:21+00:00\",\"dateModified\":\"2024-08-30T21:06:05+00:00\",\"breadcrumb\":{\"@id\":\"http:\/\/paulamichelle.payshop.com.co\/?product=tula-bosque-encantado#breadcrumb\"},\"inLanguage\":\"es\",\"potentialAction\":[{\"@type\":\"ReadAction\",\"target\":[\"http:\/\/paulamichelle.payshop.com.co\/?product=tula-bosque-encantado\"]}]},{\"@type\":\"ImageObject\",\"inLanguage\":\"es\",\"@id\":\"http:\/\/paulamichelle.payshop.com.co\/?product=tula-bosque-encantado#primaryimage\",\"url\":\"https:\/\/paulamichelle.payshop.com.co\/wp-content\/uploads\/sites\/131\/2024\/08\/TULA.jpg\",\"contentUrl\":\"https:\/\/paulamichelle.payshop.com.co\/wp-content\/uploads\/sites\/131\/2024\/08\/TULA.jpg\",\"width\":995,\"height\":1080},{\"@type\":\"BreadcrumbList\",\"@id\":\"http:\/\/paulamichelle.payshop.com.co\/?product=tula-bosque-encantado#breadcrumb\",\"itemListElement\":[{\"@type\":\"ListItem\",\"position\":1,\"name\":\"Portada\",\"item\":\"https:\/\/paulamichelle.payshop.com.co\/\"},{\"@type\":\"ListItem\",\"position\":2,\"name\":\"Tienda\",\"item\":\"https:\/\/paulamichelle.payshop.com.co\/?page_id=7\"},{\"@type\":\"ListItem\",\"position\":3,\"name\":\"Tula Bosque Encantado\"}]},{\"@type\":\"WebSite\",\"@id\":\"https:\/\/paulamichelle.payshop.com.co\/#website\",\"url\":\"https:\/\/paulamichelle.payshop.com.co\/\",\"name\":\"Paula Michelle Ilustra\",\"description\":\"Productos artesanales con ilustraciones \u00fanicas.\",\"potentialAction\":[{\"@type\":\"SearchAction\",\"target\":{\"@type\":\"EntryPoint\",\"urlTemplate\":\"https:\/\/paulamichelle.payshop.com.co\/?s={search_term_string}\"},\"query-input\":{\"@type\":\"PropertyValueSpecification\",\"valueRequired\":true,\"valueName\":\"search_term_string\"}}],\"inLanguage\":\"es\"}]}<\/script>\n<!-- \/ Yoast SEO plugin. -->","yoast_head_json":{"title":"Tula Bosque Encantado - Paula Michelle Ilustra","robots":{"index":"index","follow":"follow","max-snippet":"max-snippet:-1","max-image-preview":"max-image-preview:large","max-video-preview":"max-video-preview:-1"},"canonical":"http:\/\/paulamichelle.payshop.com.co\/?product=tula-bosque-encantado","og_locale":"es_ES","og_type":"article","og_title":"Tula Bosque Encantado - Paula Michelle Ilustra","og_description":"Explora la magia del bosque con nuestra Tula Bosque Encantado. Perfecta para uso diario, excursiones al aire libre o actividades familiares. Su ilustraci\u00f3n evoca la aventura y la imaginaci\u00f3n en un entorno natural.Caracter\u00edsticas:Material: Lienzo duradero que garantiza resistencia y confort.Cuerdas para cargar: Permite llevar la tula de manera pr\u00e1ctica y c\u00f3moda.Cierre seguro: Asegura tus pertenencias mientras te mueves.Estampado: DTF con una ilustraci\u00f3n vibrante de un bosque, ni\u00f1os y colores c\u00e1lidos que a\u00f1aden un toque de alegr\u00eda y naturaleza.Ideal para: Llevar varios art\u00edculos, desde libros, ropa, ofreciendo comodidad en el uso diario.","og_url":"http:\/\/paulamichelle.payshop.com.co\/?product=tula-bosque-encantado","og_site_name":"Paula Michelle Ilustra","article_modified_time":"2024-08-30T21:06:05+00:00","og_image":[{"width":995,"height":1080,"url":"http:\/\/paulamichelle.payshop.com.co\/wp-content\/uploads\/sites\/131\/2024\/08\/TULA.jpg","type":"image\/jpeg"}],"twitter_card":"summary_large_image","schema":{"@context":"https:\/\/schema.org","@graph":[{"@type":"WebPage","@id":"http:\/\/paulamichelle.payshop.com.co\/?product=tula-bosque-encantado","url":"http:\/\/paulamichelle.payshop.com.co\/?product=tula-bosque-encantado","name":"Tula Bosque Encantado - Paula Michelle Ilustra","isPartOf":{"@id":"https:\/\/paulamichelle.payshop.com.co\/#website"},"primaryImageOfPage":{"@id":"http:\/\/paulamichelle.payshop.com.co\/?product=tula-bosque-encantado#primaryimage"},"image":{"@id":"http:\/\/paulamichelle.payshop.com.co\/?product=tula-bosque-encantado#primaryimage"},"thumbnailUrl":"https:\/\/paulamichelle.payshop.com.co\/wp-content\/uploads\/sites\/131\/2024\/08\/TULA.jpg","datePublished":"2024-07-22T13:02:21+00:00","dateModified":"2024-08-30T21:06:05+00:00","breadcrumb":{"@id":"http:\/\/paulamichelle.payshop.com.co\/?product=tula-bosque-encantado#breadcrumb"},"inLanguage":"es","potentialAction":[{"@type":"ReadAction","target":["http:\/\/paulamichelle.payshop.com.co\/?product=tula-bosque-encantado"]}]},{"@type":"ImageObject","inLanguage":"es","@id":"http:\/\/paulamichelle.payshop.com.co\/?product=tula-bosque-encantado#primaryimage","url":"https:\/\/paulamichelle.payshop.com.co\/wp-content\/uploads\/sites\/131\/2024\/08\/TULA.jpg","contentUrl":"https:\/\/paulamichelle.payshop.com.co\/wp-content\/uploads\/sites\/131\/2024\/08\/TULA.jpg","width":995,"height":1080},{"@type":"BreadcrumbList","@id":"http:\/\/paulamichelle.payshop.com.co\/?product=tula-bosque-encantado#breadcrumb","itemListElement":[{"@type":"ListItem","position":1,"name":"Portada","item":"https:\/\/paulamichelle.payshop.com.co\/"},{"@type":"ListItem","position":2,"name":"Tienda","item":"https:\/\/paulamichelle.payshop.com.co\/?page_id=7"},{"@type":"ListItem","position":3,"name":"Tula Bosque Encantado"}]},{"@type":"WebSite","@id":"https:\/\/paulamichelle.payshop.com.co\/#website","url":"https:\/\/paulamichelle.payshop.com.co\/","name":"Paula Michelle Ilustra","description":"Productos artesanales con ilustraciones \u00fanicas.","potentialAction":[{"@type":"SearchAction","target":{"@type":"EntryPoint","urlTemplate":"https:\/\/paulamichelle.payshop.com.co\/?s={search_term_string}"},"query-input":{"@type":"PropertyValueSpecification","valueRequired":true,"valueName":"search_term_string"}}],"inLanguage":"es"}]}},"_links":{"self":[{"href":"https:\/\/paulamichelle.payshop.com.co\/index.php?rest_route=\/wp\/v2\/product\/308","targetHints":{"allow":["GET"]}}],"collection":[{"href":"https:\/\/paulamichelle.payshop.com.co\/index.php?rest_route=\/wp\/v2\/product"}],"about":[{"href":"https:\/\/paulamichelle.payshop.com.co\/index.php?rest_route=\/wp\/v2\/types\/product"}],"replies":[{"embeddable":true,"href":"https:\/\/paulamichelle.payshop.com.co\/index.php?rest_route=%2Fwp%2Fv2%2Fcomments&post=308"}],"wp:featuredmedia":[{"embeddable":true,"href":"https:\/\/paulamichelle.payshop.com.co\/index.php?rest_route=\/wp\/v2\/media\/481"}],"wp:attachment":[{"href":"https:\/\/paulamichelle.payshop.com.co\/index.php?rest_route=%2Fwp%2Fv2%2Fmedia&parent=308"}],"wp:term":[{"taxonomy":"product_brand","embeddable":true,"href":"https:\/\/paulamichelle.payshop.com.co\/index.php?rest_route=%2Fwp%2Fv2%2Fproduct_brand&post=308"},{"taxonomy":"product_cat","embeddable":true,"href":"https:\/\/paulamichelle.payshop.com.co\/index.php?rest_route=%2Fwp%2Fv2%2Fproduct_cat&post=308"},{"taxonomy":"product_tag","embeddable":true,"href":"https:\/\/paulamichelle.payshop.com.co\/index.php?rest_route=%2Fwp%2Fv2%2Fproduct_tag&post=308"}],"curies":[{"name":"wp","href":"https:\/\/api.w.org\/{rel}","templated":true}]}}