{"id":541,"date":"2025-02-26T07:24:59","date_gmt":"2025-02-26T06:24:59","guid":{"rendered":"https:\/\/paulamichelle.payshop.com.co\/?product=botilito-bajo-el-mar"},"modified":"2025-02-26T23:20:45","modified_gmt":"2025-02-26T22:20:45","slug":"botilito-bajo-el-mar","status":"publish","type":"product","link":"https:\/\/paulamichelle.payshop.com.co\/?product=botilito-bajo-el-mar","title":{"rendered":"Botilito Bajo el Mar"},"content":{"rendered":"<p><\/p>\n","protected":false},"excerpt":{"rendered":"<p>Sum\u00e9rgete en un mundo de color y movimiento con el Botilito Bajo el Mar. Su ilustraci\u00f3n envolvente te transporta a las profundidades del oc\u00e9ano, donde nadadores y peces se mueven en perfecta armon\u00eda. Ideal para quienes aman el agua, la aventura y el arte.<\/p>\n<p><strong>Caracter\u00edsticas:<\/strong><\/p>\n<ul>\n<li>\u00a0Material: Aluminio resistente y ligero, ideal para mantener tu bebida segura.<\/li>\n<li>\u00a0Capacidad: 600 ml, perfecta para hidratarte durante todo el d\u00eda.<\/li>\n<li>Tama\u00f1o: 21.5 cm de alto x 8 cm de ancho.<\/li>\n<li>\u00a0Dise\u00f1o envolvente: La ilustraci\u00f3n cubre todo el contorno del botilito, creando un efecto visual din\u00e1mico.<\/li>\n<\/ul>\n<p>\u00a0Pr\u00e1ctico y funcional: Incluye tapa con mosquet\u00f3n para sujetarlo f\u00e1cilmente a mochilas o cinturones.<\/p>\n","protected":false},"featured_media":539,"comment_status":"open","ping_status":"closed","template":"","meta":{"_et_pb_use_builder":"","_et_pb_old_content":"","_et_gb_content_width":"","content-type":"","_monsterinsights_skip_tracking":false,"_monsterinsights_sitenote_active":false,"_monsterinsights_sitenote_note":"","_monsterinsights_sitenote_category":0,"_joinchat":[]},"product_brand":[],"product_cat":[68],"product_tag":[],"class_list":{"0":"post-541","1":"product","2":"type-product","3":"status-publish","4":"has-post-thumbnail","6":"product_cat-botilitos","8":"first","9":"instock","10":"shipping-taxable","11":"purchasable","12":"product-type-simple"},"yoast_head":"<!-- This site is optimized with the Yoast SEO plugin v27.0 - https:\/\/yoast.com\/product\/yoast-seo-wordpress\/ -->\n<title>Botilito Bajo el Mar - Paula Michelle Ilustra<\/title>\n<meta name=\"robots\" content=\"index, follow, max-snippet:-1, max-image-preview:large, max-video-preview:-1\" \/>\n<link rel=\"canonical\" href=\"http:\/\/paulamichelle.payshop.com.co\/?product=botilito-bajo-el-mar\" \/>\n<meta property=\"og:locale\" content=\"es_ES\" \/>\n<meta property=\"og:type\" content=\"article\" \/>\n<meta property=\"og:title\" content=\"Botilito Bajo el Mar - Paula Michelle Ilustra\" \/>\n<meta property=\"og:description\" content=\"Sum\u00e9rgete en un mundo de color y movimiento con el Botilito Bajo el Mar. Su ilustraci\u00f3n envolvente te transporta a las profundidades del oc\u00e9ano, donde nadadores y peces se mueven en perfecta armon\u00eda. Ideal para quienes aman el agua, la aventura y el arte.Caracter\u00edsticas:\u00a0Material: Aluminio resistente y ligero, ideal para mantener tu bebida segura.\u00a0Capacidad: 600 ml, perfecta para hidratarte durante todo el d\u00eda.Tama\u00f1o: 21.5 cm de alto x 8 cm de ancho.\u00a0Dise\u00f1o envolvente: La ilustraci\u00f3n cubre todo el contorno del botilito, creando un efecto visual din\u00e1mico.\u00a0Pr\u00e1ctico y funcional: Incluye tapa con mosquet\u00f3n para sujetarlo f\u00e1cilmente a mochilas o cinturones.\" \/>\n<meta property=\"og:url\" content=\"http:\/\/paulamichelle.payshop.com.co\/?product=botilito-bajo-el-mar\" \/>\n<meta property=\"og:site_name\" content=\"Paula Michelle Ilustra\" \/>\n<meta property=\"article:modified_time\" content=\"2025-02-26T22:20:45+00:00\" \/>\n<meta property=\"og:image\" content=\"http:\/\/paulamichelle.payshop.com.co\/wp-content\/uploads\/sites\/131\/2025\/02\/botolitos-MEDIDA-bajo-del-mar.jpg\" \/>\n\t<meta property=\"og:image:width\" content=\"995\" \/>\n\t<meta property=\"og:image:height\" content=\"1080\" \/>\n\t<meta property=\"og:image:type\" content=\"image\/jpeg\" \/>\n<meta name=\"twitter:card\" content=\"summary_large_image\" \/>\n<script type=\"application\/ld+json\" class=\"yoast-schema-graph\">{\"@context\":\"https:\/\/schema.org\",\"@graph\":[{\"@type\":\"WebPage\",\"@id\":\"http:\/\/paulamichelle.payshop.com.co\/?product=botilito-bajo-el-mar\",\"url\":\"http:\/\/paulamichelle.payshop.com.co\/?product=botilito-bajo-el-mar\",\"name\":\"Botilito Bajo el Mar - Paula Michelle Ilustra\",\"isPartOf\":{\"@id\":\"https:\/\/paulamichelle.payshop.com.co\/#website\"},\"primaryImageOfPage\":{\"@id\":\"http:\/\/paulamichelle.payshop.com.co\/?product=botilito-bajo-el-mar#primaryimage\"},\"image\":{\"@id\":\"http:\/\/paulamichelle.payshop.com.co\/?product=botilito-bajo-el-mar#primaryimage\"},\"thumbnailUrl\":\"https:\/\/paulamichelle.payshop.com.co\/wp-content\/uploads\/sites\/131\/2025\/02\/botolitos-MEDIDA-bajo-del-mar.jpg\",\"datePublished\":\"2025-02-26T06:24:59+00:00\",\"dateModified\":\"2025-02-26T22:20:45+00:00\",\"breadcrumb\":{\"@id\":\"http:\/\/paulamichelle.payshop.com.co\/?product=botilito-bajo-el-mar#breadcrumb\"},\"inLanguage\":\"es\",\"potentialAction\":[{\"@type\":\"ReadAction\",\"target\":[\"http:\/\/paulamichelle.payshop.com.co\/?product=botilito-bajo-el-mar\"]}]},{\"@type\":\"ImageObject\",\"inLanguage\":\"es\",\"@id\":\"http:\/\/paulamichelle.payshop.com.co\/?product=botilito-bajo-el-mar#primaryimage\",\"url\":\"https:\/\/paulamichelle.payshop.com.co\/wp-content\/uploads\/sites\/131\/2025\/02\/botolitos-MEDIDA-bajo-del-mar.jpg\",\"contentUrl\":\"https:\/\/paulamichelle.payshop.com.co\/wp-content\/uploads\/sites\/131\/2025\/02\/botolitos-MEDIDA-bajo-del-mar.jpg\",\"width\":995,\"height\":1080},{\"@type\":\"BreadcrumbList\",\"@id\":\"http:\/\/paulamichelle.payshop.com.co\/?product=botilito-bajo-el-mar#breadcrumb\",\"itemListElement\":[{\"@type\":\"ListItem\",\"position\":1,\"name\":\"Portada\",\"item\":\"https:\/\/paulamichelle.payshop.com.co\/\"},{\"@type\":\"ListItem\",\"position\":2,\"name\":\"Tienda\",\"item\":\"https:\/\/paulamichelle.payshop.com.co\/?page_id=7\"},{\"@type\":\"ListItem\",\"position\":3,\"name\":\"Botilito Bajo el Mar\"}]},{\"@type\":\"WebSite\",\"@id\":\"https:\/\/paulamichelle.payshop.com.co\/#website\",\"url\":\"https:\/\/paulamichelle.payshop.com.co\/\",\"name\":\"Paula Michelle Ilustra\",\"description\":\"Productos artesanales con ilustraciones \u00fanicas.\",\"potentialAction\":[{\"@type\":\"SearchAction\",\"target\":{\"@type\":\"EntryPoint\",\"urlTemplate\":\"https:\/\/paulamichelle.payshop.com.co\/?s={search_term_string}\"},\"query-input\":{\"@type\":\"PropertyValueSpecification\",\"valueRequired\":true,\"valueName\":\"search_term_string\"}}],\"inLanguage\":\"es\"}]}<\/script>\n<!-- \/ Yoast SEO plugin. -->","yoast_head_json":{"title":"Botilito Bajo el Mar - Paula Michelle Ilustra","robots":{"index":"index","follow":"follow","max-snippet":"max-snippet:-1","max-image-preview":"max-image-preview:large","max-video-preview":"max-video-preview:-1"},"canonical":"http:\/\/paulamichelle.payshop.com.co\/?product=botilito-bajo-el-mar","og_locale":"es_ES","og_type":"article","og_title":"Botilito Bajo el Mar - Paula Michelle Ilustra","og_description":"Sum\u00e9rgete en un mundo de color y movimiento con el Botilito Bajo el Mar. Su ilustraci\u00f3n envolvente te transporta a las profundidades del oc\u00e9ano, donde nadadores y peces se mueven en perfecta armon\u00eda. Ideal para quienes aman el agua, la aventura y el arte.Caracter\u00edsticas:\u00a0Material: Aluminio resistente y ligero, ideal para mantener tu bebida segura.\u00a0Capacidad: 600 ml, perfecta para hidratarte durante todo el d\u00eda.Tama\u00f1o: 21.5 cm de alto x 8 cm de ancho.\u00a0Dise\u00f1o envolvente: La ilustraci\u00f3n cubre todo el contorno del botilito, creando un efecto visual din\u00e1mico.\u00a0Pr\u00e1ctico y funcional: Incluye tapa con mosquet\u00f3n para sujetarlo f\u00e1cilmente a mochilas o cinturones.","og_url":"http:\/\/paulamichelle.payshop.com.co\/?product=botilito-bajo-el-mar","og_site_name":"Paula Michelle Ilustra","article_modified_time":"2025-02-26T22:20:45+00:00","og_image":[{"width":995,"height":1080,"url":"http:\/\/paulamichelle.payshop.com.co\/wp-content\/uploads\/sites\/131\/2025\/02\/botolitos-MEDIDA-bajo-del-mar.jpg","type":"image\/jpeg"}],"twitter_card":"summary_large_image","schema":{"@context":"https:\/\/schema.org","@graph":[{"@type":"WebPage","@id":"http:\/\/paulamichelle.payshop.com.co\/?product=botilito-bajo-el-mar","url":"http:\/\/paulamichelle.payshop.com.co\/?product=botilito-bajo-el-mar","name":"Botilito Bajo el Mar - Paula Michelle Ilustra","isPartOf":{"@id":"https:\/\/paulamichelle.payshop.com.co\/#website"},"primaryImageOfPage":{"@id":"http:\/\/paulamichelle.payshop.com.co\/?product=botilito-bajo-el-mar#primaryimage"},"image":{"@id":"http:\/\/paulamichelle.payshop.com.co\/?product=botilito-bajo-el-mar#primaryimage"},"thumbnailUrl":"https:\/\/paulamichelle.payshop.com.co\/wp-content\/uploads\/sites\/131\/2025\/02\/botolitos-MEDIDA-bajo-del-mar.jpg","datePublished":"2025-02-26T06:24:59+00:00","dateModified":"2025-02-26T22:20:45+00:00","breadcrumb":{"@id":"http:\/\/paulamichelle.payshop.com.co\/?product=botilito-bajo-el-mar#breadcrumb"},"inLanguage":"es","potentialAction":[{"@type":"ReadAction","target":["http:\/\/paulamichelle.payshop.com.co\/?product=botilito-bajo-el-mar"]}]},{"@type":"ImageObject","inLanguage":"es","@id":"http:\/\/paulamichelle.payshop.com.co\/?product=botilito-bajo-el-mar#primaryimage","url":"https:\/\/paulamichelle.payshop.com.co\/wp-content\/uploads\/sites\/131\/2025\/02\/botolitos-MEDIDA-bajo-del-mar.jpg","contentUrl":"https:\/\/paulamichelle.payshop.com.co\/wp-content\/uploads\/sites\/131\/2025\/02\/botolitos-MEDIDA-bajo-del-mar.jpg","width":995,"height":1080},{"@type":"BreadcrumbList","@id":"http:\/\/paulamichelle.payshop.com.co\/?product=botilito-bajo-el-mar#breadcrumb","itemListElement":[{"@type":"ListItem","position":1,"name":"Portada","item":"https:\/\/paulamichelle.payshop.com.co\/"},{"@type":"ListItem","position":2,"name":"Tienda","item":"https:\/\/paulamichelle.payshop.com.co\/?page_id=7"},{"@type":"ListItem","position":3,"name":"Botilito Bajo el Mar"}]},{"@type":"WebSite","@id":"https:\/\/paulamichelle.payshop.com.co\/#website","url":"https:\/\/paulamichelle.payshop.com.co\/","name":"Paula Michelle Ilustra","description":"Productos artesanales con ilustraciones \u00fanicas.","potentialAction":[{"@type":"SearchAction","target":{"@type":"EntryPoint","urlTemplate":"https:\/\/paulamichelle.payshop.com.co\/?s={search_term_string}"},"query-input":{"@type":"PropertyValueSpecification","valueRequired":true,"valueName":"search_term_string"}}],"inLanguage":"es"}]}},"_links":{"self":[{"href":"https:\/\/paulamichelle.payshop.com.co\/index.php?rest_route=\/wp\/v2\/product\/541","targetHints":{"allow":["GET"]}}],"collection":[{"href":"https:\/\/paulamichelle.payshop.com.co\/index.php?rest_route=\/wp\/v2\/product"}],"about":[{"href":"https:\/\/paulamichelle.payshop.com.co\/index.php?rest_route=\/wp\/v2\/types\/product"}],"replies":[{"embeddable":true,"href":"https:\/\/paulamichelle.payshop.com.co\/index.php?rest_route=%2Fwp%2Fv2%2Fcomments&post=541"}],"wp:featuredmedia":[{"embeddable":true,"href":"https:\/\/paulamichelle.payshop.com.co\/index.php?rest_route=\/wp\/v2\/media\/539"}],"wp:attachment":[{"href":"https:\/\/paulamichelle.payshop.com.co\/index.php?rest_route=%2Fwp%2Fv2%2Fmedia&parent=541"}],"wp:term":[{"taxonomy":"product_brand","embeddable":true,"href":"https:\/\/paulamichelle.payshop.com.co\/index.php?rest_route=%2Fwp%2Fv2%2Fproduct_brand&post=541"},{"taxonomy":"product_cat","embeddable":true,"href":"https:\/\/paulamichelle.payshop.com.co\/index.php?rest_route=%2Fwp%2Fv2%2Fproduct_cat&post=541"},{"taxonomy":"product_tag","embeddable":true,"href":"https:\/\/paulamichelle.payshop.com.co\/index.php?rest_route=%2Fwp%2Fv2%2Fproduct_tag&post=541"}],"curies":[{"name":"wp","href":"https:\/\/api.w.org\/{rel}","templated":true}]}}