{"id":82,"date":"2024-05-27T01:19:59","date_gmt":"2024-05-26T23:19:59","guid":{"rendered":"https:\/\/paulamichelle.payshop.com.co\/?post_type=product&#038;p=82"},"modified":"2025-02-24T01:57:37","modified_gmt":"2025-02-24T00:57:37","slug":"producto-inicial","status":"publish","type":"product","link":"https:\/\/paulamichelle.payshop.com.co\/?product=producto-inicial","title":{"rendered":"Cartuchera Bosque Encantado"},"content":{"rendered":"<p><\/p>\n","protected":false},"excerpt":{"rendered":"<p>Descubre la magia del bosque con nuestra Cartuchera Bosque Encantado. Esta cartuchera no s\u00f3lo es duradera sino tambi\u00e9n amigable con el medio ambiente, contribuyendo a un futuro m\u00e1s verde.<\/p>\n<p><strong>Caracter\u00edsticas:<\/strong><\/p>\n<ul>\n<li>Material: Lienzo estampado en DTF, resistente.<\/li>\n<li>Dimensiones: 19 cm de ancho x 13 cm de alto.<\/li>\n<li>Ideal para: guardar todos los \u00fatiles escolares.<\/li>\n<\/ul>\n","protected":false},"featured_media":461,"comment_status":"open","ping_status":"closed","template":"","meta":{"_et_pb_use_builder":"","_et_pb_old_content":"","_et_gb_content_width":"","content-type":"","_monsterinsights_skip_tracking":false,"_monsterinsights_sitenote_active":false,"_monsterinsights_sitenote_note":"","_monsterinsights_sitenote_category":0,"_joinchat":[]},"product_brand":[],"product_cat":[56],"product_tag":[],"class_list":{"0":"post-82","1":"product","2":"type-product","3":"status-publish","4":"has-post-thumbnail","6":"product_cat-cartucheras","8":"first","9":"instock","10":"shipping-taxable","11":"purchasable","12":"product-type-simple"},"yoast_head":"<!-- This site is optimized with the Yoast SEO plugin v27.0 - https:\/\/yoast.com\/product\/yoast-seo-wordpress\/ -->\n<title>Cartuchera Bosque Encantado - Paula Michelle Ilustra<\/title>\n<meta name=\"robots\" content=\"index, follow, max-snippet:-1, max-image-preview:large, max-video-preview:-1\" \/>\n<link rel=\"canonical\" href=\"http:\/\/paulamichelle.payshop.com.co\/?product=producto-inicial\" \/>\n<meta property=\"og:locale\" content=\"es_ES\" \/>\n<meta property=\"og:type\" content=\"article\" \/>\n<meta property=\"og:title\" content=\"Cartuchera Bosque Encantado - Paula Michelle Ilustra\" \/>\n<meta property=\"og:description\" content=\"Descubre la magia del bosque con nuestra Cartuchera Bosque Encantado. Esta cartuchera no s\u00f3lo es duradera sino tambi\u00e9n amigable con el medio ambiente, contribuyendo a un futuro m\u00e1s verde.Caracter\u00edsticas:Material: Lienzo estampado en DTF, resistente.Dimensiones: 19 cm de ancho x 13 cm de alto.Ideal para: guardar todos los \u00fatiles escolares.\" \/>\n<meta property=\"og:url\" content=\"http:\/\/paulamichelle.payshop.com.co\/?product=producto-inicial\" \/>\n<meta property=\"og:site_name\" content=\"Paula Michelle Ilustra\" \/>\n<meta property=\"article:modified_time\" content=\"2025-02-24T00:57:37+00:00\" \/>\n<meta property=\"og:image\" content=\"http:\/\/paulamichelle.payshop.com.co\/wp-content\/uploads\/sites\/131\/2024\/08\/caruchera-pasto.jpg\" \/>\n\t<meta property=\"og:image:width\" content=\"995\" \/>\n\t<meta property=\"og:image:height\" content=\"1080\" \/>\n\t<meta property=\"og:image:type\" content=\"image\/jpeg\" \/>\n<meta name=\"twitter:card\" content=\"summary_large_image\" \/>\n<script type=\"application\/ld+json\" class=\"yoast-schema-graph\">{\"@context\":\"https:\/\/schema.org\",\"@graph\":[{\"@type\":\"WebPage\",\"@id\":\"http:\/\/paulamichelle.payshop.com.co\/?product=producto-inicial\",\"url\":\"http:\/\/paulamichelle.payshop.com.co\/?product=producto-inicial\",\"name\":\"Cartuchera Bosque Encantado - Paula Michelle Ilustra\",\"isPartOf\":{\"@id\":\"https:\/\/paulamichelle.payshop.com.co\/#website\"},\"primaryImageOfPage\":{\"@id\":\"http:\/\/paulamichelle.payshop.com.co\/?product=producto-inicial#primaryimage\"},\"image\":{\"@id\":\"http:\/\/paulamichelle.payshop.com.co\/?product=producto-inicial#primaryimage\"},\"thumbnailUrl\":\"https:\/\/paulamichelle.payshop.com.co\/wp-content\/uploads\/sites\/131\/2024\/08\/caruchera-pasto.jpg\",\"datePublished\":\"2024-05-26T23:19:59+00:00\",\"dateModified\":\"2025-02-24T00:57:37+00:00\",\"breadcrumb\":{\"@id\":\"http:\/\/paulamichelle.payshop.com.co\/?product=producto-inicial#breadcrumb\"},\"inLanguage\":\"es\",\"potentialAction\":[{\"@type\":\"ReadAction\",\"target\":[\"http:\/\/paulamichelle.payshop.com.co\/?product=producto-inicial\"]}]},{\"@type\":\"ImageObject\",\"inLanguage\":\"es\",\"@id\":\"http:\/\/paulamichelle.payshop.com.co\/?product=producto-inicial#primaryimage\",\"url\":\"https:\/\/paulamichelle.payshop.com.co\/wp-content\/uploads\/sites\/131\/2024\/08\/caruchera-pasto.jpg\",\"contentUrl\":\"https:\/\/paulamichelle.payshop.com.co\/wp-content\/uploads\/sites\/131\/2024\/08\/caruchera-pasto.jpg\",\"width\":995,\"height\":1080},{\"@type\":\"BreadcrumbList\",\"@id\":\"http:\/\/paulamichelle.payshop.com.co\/?product=producto-inicial#breadcrumb\",\"itemListElement\":[{\"@type\":\"ListItem\",\"position\":1,\"name\":\"Portada\",\"item\":\"https:\/\/paulamichelle.payshop.com.co\/\"},{\"@type\":\"ListItem\",\"position\":2,\"name\":\"Tienda\",\"item\":\"https:\/\/paulamichelle.payshop.com.co\/?page_id=7\"},{\"@type\":\"ListItem\",\"position\":3,\"name\":\"Cartuchera Bosque Encantado\"}]},{\"@type\":\"WebSite\",\"@id\":\"https:\/\/paulamichelle.payshop.com.co\/#website\",\"url\":\"https:\/\/paulamichelle.payshop.com.co\/\",\"name\":\"Paula Michelle Ilustra\",\"description\":\"Productos artesanales con ilustraciones \u00fanicas.\",\"potentialAction\":[{\"@type\":\"SearchAction\",\"target\":{\"@type\":\"EntryPoint\",\"urlTemplate\":\"https:\/\/paulamichelle.payshop.com.co\/?s={search_term_string}\"},\"query-input\":{\"@type\":\"PropertyValueSpecification\",\"valueRequired\":true,\"valueName\":\"search_term_string\"}}],\"inLanguage\":\"es\"}]}<\/script>\n<!-- \/ Yoast SEO plugin. -->","yoast_head_json":{"title":"Cartuchera Bosque Encantado - Paula Michelle Ilustra","robots":{"index":"index","follow":"follow","max-snippet":"max-snippet:-1","max-image-preview":"max-image-preview:large","max-video-preview":"max-video-preview:-1"},"canonical":"http:\/\/paulamichelle.payshop.com.co\/?product=producto-inicial","og_locale":"es_ES","og_type":"article","og_title":"Cartuchera Bosque Encantado - Paula Michelle Ilustra","og_description":"Descubre la magia del bosque con nuestra Cartuchera Bosque Encantado. Esta cartuchera no s\u00f3lo es duradera sino tambi\u00e9n amigable con el medio ambiente, contribuyendo a un futuro m\u00e1s verde.Caracter\u00edsticas:Material: Lienzo estampado en DTF, resistente.Dimensiones: 19 cm de ancho x 13 cm de alto.Ideal para: guardar todos los \u00fatiles escolares.","og_url":"http:\/\/paulamichelle.payshop.com.co\/?product=producto-inicial","og_site_name":"Paula Michelle Ilustra","article_modified_time":"2025-02-24T00:57:37+00:00","og_image":[{"width":995,"height":1080,"url":"http:\/\/paulamichelle.payshop.com.co\/wp-content\/uploads\/sites\/131\/2024\/08\/caruchera-pasto.jpg","type":"image\/jpeg"}],"twitter_card":"summary_large_image","schema":{"@context":"https:\/\/schema.org","@graph":[{"@type":"WebPage","@id":"http:\/\/paulamichelle.payshop.com.co\/?product=producto-inicial","url":"http:\/\/paulamichelle.payshop.com.co\/?product=producto-inicial","name":"Cartuchera Bosque Encantado - Paula Michelle Ilustra","isPartOf":{"@id":"https:\/\/paulamichelle.payshop.com.co\/#website"},"primaryImageOfPage":{"@id":"http:\/\/paulamichelle.payshop.com.co\/?product=producto-inicial#primaryimage"},"image":{"@id":"http:\/\/paulamichelle.payshop.com.co\/?product=producto-inicial#primaryimage"},"thumbnailUrl":"https:\/\/paulamichelle.payshop.com.co\/wp-content\/uploads\/sites\/131\/2024\/08\/caruchera-pasto.jpg","datePublished":"2024-05-26T23:19:59+00:00","dateModified":"2025-02-24T00:57:37+00:00","breadcrumb":{"@id":"http:\/\/paulamichelle.payshop.com.co\/?product=producto-inicial#breadcrumb"},"inLanguage":"es","potentialAction":[{"@type":"ReadAction","target":["http:\/\/paulamichelle.payshop.com.co\/?product=producto-inicial"]}]},{"@type":"ImageObject","inLanguage":"es","@id":"http:\/\/paulamichelle.payshop.com.co\/?product=producto-inicial#primaryimage","url":"https:\/\/paulamichelle.payshop.com.co\/wp-content\/uploads\/sites\/131\/2024\/08\/caruchera-pasto.jpg","contentUrl":"https:\/\/paulamichelle.payshop.com.co\/wp-content\/uploads\/sites\/131\/2024\/08\/caruchera-pasto.jpg","width":995,"height":1080},{"@type":"BreadcrumbList","@id":"http:\/\/paulamichelle.payshop.com.co\/?product=producto-inicial#breadcrumb","itemListElement":[{"@type":"ListItem","position":1,"name":"Portada","item":"https:\/\/paulamichelle.payshop.com.co\/"},{"@type":"ListItem","position":2,"name":"Tienda","item":"https:\/\/paulamichelle.payshop.com.co\/?page_id=7"},{"@type":"ListItem","position":3,"name":"Cartuchera Bosque Encantado"}]},{"@type":"WebSite","@id":"https:\/\/paulamichelle.payshop.com.co\/#website","url":"https:\/\/paulamichelle.payshop.com.co\/","name":"Paula Michelle Ilustra","description":"Productos artesanales con ilustraciones \u00fanicas.","potentialAction":[{"@type":"SearchAction","target":{"@type":"EntryPoint","urlTemplate":"https:\/\/paulamichelle.payshop.com.co\/?s={search_term_string}"},"query-input":{"@type":"PropertyValueSpecification","valueRequired":true,"valueName":"search_term_string"}}],"inLanguage":"es"}]}},"_links":{"self":[{"href":"https:\/\/paulamichelle.payshop.com.co\/index.php?rest_route=\/wp\/v2\/product\/82","targetHints":{"allow":["GET"]}}],"collection":[{"href":"https:\/\/paulamichelle.payshop.com.co\/index.php?rest_route=\/wp\/v2\/product"}],"about":[{"href":"https:\/\/paulamichelle.payshop.com.co\/index.php?rest_route=\/wp\/v2\/types\/product"}],"replies":[{"embeddable":true,"href":"https:\/\/paulamichelle.payshop.com.co\/index.php?rest_route=%2Fwp%2Fv2%2Fcomments&post=82"}],"wp:featuredmedia":[{"embeddable":true,"href":"https:\/\/paulamichelle.payshop.com.co\/index.php?rest_route=\/wp\/v2\/media\/461"}],"wp:attachment":[{"href":"https:\/\/paulamichelle.payshop.com.co\/index.php?rest_route=%2Fwp%2Fv2%2Fmedia&parent=82"}],"wp:term":[{"taxonomy":"product_brand","embeddable":true,"href":"https:\/\/paulamichelle.payshop.com.co\/index.php?rest_route=%2Fwp%2Fv2%2Fproduct_brand&post=82"},{"taxonomy":"product_cat","embeddable":true,"href":"https:\/\/paulamichelle.payshop.com.co\/index.php?rest_route=%2Fwp%2Fv2%2Fproduct_cat&post=82"},{"taxonomy":"product_tag","embeddable":true,"href":"https:\/\/paulamichelle.payshop.com.co\/index.php?rest_route=%2Fwp%2Fv2%2Fproduct_tag&post=82"}],"curies":[{"name":"wp","href":"https:\/\/api.w.org\/{rel}","templated":true}]}}